{"id":1885,"date":"2014-05-02T14:43:29","date_gmt":"2014-05-02T14:43:42","guid":{"rendered":"https:\/\/www.karl-enz.ch\/beispiel-seite-2\/"},"modified":"2018-06-15T17:17:23","modified_gmt":"2018-06-15T15:17:23","slug":"beispiel-seite-2","status":"publish","type":"page","link":"https:\/\/www.karl-enz.ch\/fr\/","title":{"rendered":"Startseite"},"content":{"rendered":"","protected":false},"excerpt":{"rendered":"","protected":false},"author":6,"featured_media":0,"parent":0,"menu_order":0,"comment_status":"open","ping_status":"open","template":"","meta":[],"acf":[],"yoast_head":"<!-- This site is optimized with the Yoast SEO plugin v18.5.1 - https:\/\/yoast.com\/wordpress\/plugins\/seo\/ -->\n<title>Startseite - Karl Enz<\/title>\n<meta name=\"robots\" content=\"index, follow, max-snippet:-1, max-image-preview:large, max-video-preview:-1\" \/>\n<link rel=\"canonical\" href=\"https:\/\/www.karl-enz.ch\/fr\/\" \/>\n<meta property=\"og:locale\" content=\"fr_FR\" \/>\n<meta property=\"og:type\" content=\"article\" \/>\n<meta property=\"og:title\" content=\"Startseite - Karl Enz\" \/>\n<meta property=\"og:url\" content=\"https:\/\/www.karl-enz.ch\/fr\/\" \/>\n<meta property=\"og:site_name\" content=\"Karl Enz\" \/>\n<meta property=\"article:modified_time\" content=\"2018-06-15T15:17:23+00:00\" \/>\n<meta name=\"twitter:card\" content=\"summary_large_image\" \/>\n<script type=\"application\/ld+json\" class=\"yoast-schema-graph\">{\"@context\":\"https:\/\/schema.org\",\"@graph\":[{\"@type\":\"WebSite\",\"@id\":\"https:\/\/www.karl-enz.ch\/#website\",\"url\":\"https:\/\/www.karl-enz.ch\/\",\"name\":\"Karl Enz\",\"description\":\"Hochwertige Pfl\u00e4sterungen, Bel\u00e4ge und Natursteine f\u00fcr den Innen- und Aussenbereich.\",\"potentialAction\":[{\"@type\":\"SearchAction\",\"target\":{\"@type\":\"EntryPoint\",\"urlTemplate\":\"https:\/\/www.karl-enz.ch\/?s={search_term_string}\"},\"query-input\":\"required name=search_term_string\"}],\"inLanguage\":\"fr-FR\"},{\"@type\":\"WebPage\",\"@id\":\"https:\/\/www.karl-enz.ch\/fr\/#webpage\",\"url\":\"https:\/\/www.karl-enz.ch\/fr\/\",\"name\":\"Startseite - Karl Enz\",\"isPartOf\":{\"@id\":\"https:\/\/www.karl-enz.ch\/#website\"},\"datePublished\":\"2014-05-02T14:43:42+00:00\",\"dateModified\":\"2018-06-15T15:17:23+00:00\",\"breadcrumb\":{\"@id\":\"https:\/\/www.karl-enz.ch\/fr\/#breadcrumb\"},\"inLanguage\":\"fr-FR\",\"potentialAction\":[{\"@type\":\"ReadAction\",\"target\":[\"https:\/\/www.karl-enz.ch\/fr\/\"]}]},{\"@type\":\"BreadcrumbList\",\"@id\":\"https:\/\/www.karl-enz.ch\/fr\/#breadcrumb\",\"itemListElement\":[{\"@type\":\"ListItem\",\"position\":1,\"name\":\"Startseite\",\"item\":\"https:\/\/www.karl-enz.ch\/fr\/\"},{\"@type\":\"ListItem\",\"position\":2,\"name\":\"Startseite\"}]}]}<\/script>\n<!-- \/ Yoast SEO plugin. -->","yoast_head_json":{"title":"Startseite - Karl Enz","robots":{"index":"index","follow":"follow","max-snippet":"max-snippet:-1","max-image-preview":"max-image-preview:large","max-video-preview":"max-video-preview:-1"},"canonical":"https:\/\/www.karl-enz.ch\/fr\/","og_locale":"fr_FR","og_type":"article","og_title":"Startseite - Karl Enz","og_url":"https:\/\/www.karl-enz.ch\/fr\/","og_site_name":"Karl Enz","article_modified_time":"2018-06-15T15:17:23+00:00","twitter_card":"summary_large_image","schema":{"@context":"https:\/\/schema.org","@graph":[{"@type":"WebSite","@id":"https:\/\/www.karl-enz.ch\/#website","url":"https:\/\/www.karl-enz.ch\/","name":"Karl Enz","description":"Hochwertige Pfl\u00e4sterungen, Bel\u00e4ge und Natursteine f\u00fcr den Innen- und Aussenbereich.","potentialAction":[{"@type":"SearchAction","target":{"@type":"EntryPoint","urlTemplate":"https:\/\/www.karl-enz.ch\/?s={search_term_string}"},"query-input":"required name=search_term_string"}],"inLanguage":"fr-FR"},{"@type":"WebPage","@id":"https:\/\/www.karl-enz.ch\/fr\/#webpage","url":"https:\/\/www.karl-enz.ch\/fr\/","name":"Startseite - Karl Enz","isPartOf":{"@id":"https:\/\/www.karl-enz.ch\/#website"},"datePublished":"2014-05-02T14:43:42+00:00","dateModified":"2018-06-15T15:17:23+00:00","breadcrumb":{"@id":"https:\/\/www.karl-enz.ch\/fr\/#breadcrumb"},"inLanguage":"fr-FR","potentialAction":[{"@type":"ReadAction","target":["https:\/\/www.karl-enz.ch\/fr\/"]}]},{"@type":"BreadcrumbList","@id":"https:\/\/www.karl-enz.ch\/fr\/#breadcrumb","itemListElement":[{"@type":"ListItem","position":1,"name":"Startseite","item":"https:\/\/www.karl-enz.ch\/fr\/"},{"@type":"ListItem","position":2,"name":"Startseite"}]}]}},"_links":{"self":[{"href":"https:\/\/www.karl-enz.ch\/fr\/wp-json\/wp\/v2\/pages\/1885"}],"collection":[{"href":"https:\/\/www.karl-enz.ch\/fr\/wp-json\/wp\/v2\/pages"}],"about":[{"href":"https:\/\/www.karl-enz.ch\/fr\/wp-json\/wp\/v2\/types\/page"}],"author":[{"embeddable":true,"href":"https:\/\/www.karl-enz.ch\/fr\/wp-json\/wp\/v2\/users\/6"}],"replies":[{"embeddable":true,"href":"https:\/\/www.karl-enz.ch\/fr\/wp-json\/wp\/v2\/comments?post=1885"}],"version-history":[{"count":6,"href":"https:\/\/www.karl-enz.ch\/fr\/wp-json\/wp\/v2\/pages\/1885\/revisions"}],"predecessor-version":[{"id":2100,"href":"https:\/\/www.karl-enz.ch\/fr\/wp-json\/wp\/v2\/pages\/1885\/revisions\/2100"}],"wp:attachment":[{"href":"https:\/\/www.karl-enz.ch\/fr\/wp-json\/wp\/v2\/media?parent=1885"}],"curies":[{"name":"wp","href":"https:\/\/api.w.org\/{rel}","templated":true}]}}